{"id":3344,"date":"2024-06-25T21:39:38","date_gmt":"2024-06-25T19:39:38","guid":{"rendered":"https:\/\/www.jakubpesek.cz\/securiton\/?page_id=3344"},"modified":"2026-02-06T12:32:50","modified_gmt":"2026-02-06T11:32:50","slug":"sluzby","status":"publish","type":"page","link":"https:\/\/www.jakubpesek.cz\/securiton\/sluzby\/","title":{"rendered":"Slu\u017eby"},"content":{"rendered":"<p><div class=\"fusion-fullwidth fullwidth-box fusion-builder-row-1 fusion-flex-container has-pattern-background has-mask-background nonhundred-percent-fullwidth non-hundred-percent-height-scrolling\" style=\"--awb-border-radius-top-left:0px;--awb-border-radius-top-right:0px;--awb-border-radius-bottom-right:0px;--awb-border-radius-bottom-left:0px;--awb-margin-top:80px;--awb-flex-wrap:wrap;\" ><div class=\"fusion-builder-row fusion-row fusion-flex-align-items-flex-start fusion-flex-content-wrap\" style=\"max-width:1372.8px;margin-left: calc(-4% \/ 2 );margin-right: calc(-4% \/ 2 );\"><div class=\"fusion-layout-column fusion_builder_column fusion-builder-column-0 fusion_builder_column_2_3 2_3 fusion-flex-column\" style=\"--awb-bg-size:cover;--awb-width-large:66.6666666667%;--awb-margin-top-large:0px;--awb-spacing-right-large:2.88%;--awb-margin-bottom-large:20px;--awb-spacing-left-large:2.88%;--awb-width-medium:66.6666666667%;--awb-order-medium:0;--awb-spacing-right-medium:2.88%;--awb-spacing-left-medium:2.88%;--awb-width-small:100%;--awb-order-small:0;--awb-spacing-right-small:1.92%;--awb-spacing-left-small:1.92%;\"><div class=\"fusion-column-wrapper fusion-column-has-shadow fusion-flex-justify-content-flex-start fusion-content-layout-column\"><div class=\"fusion-title title fusion-title-1 fusion-sep-none fusion-title-text fusion-title-size-one\"><h1 class=\"fusion-title-heading title-heading-left\" style=\"margin:0;\">Projekce<\/h1><\/div><div class=\"fusion-text fusion-text-1\"><p data-start=\"422\" data-end=\"624\">Odborn\u00e1 projekce je z\u00e1kladem spolehliv\u011b funguj\u00edc\u00edho syst\u00e9mu po\u017e\u00e1rn\u00ed signalizace. Zaji\u0161\u0165ujeme kompletn\u00ed n\u00e1vrh EPS \u2013 od \u00favodn\u00ed koncepce a\u017e po zpracov\u00e1n\u00ed projektov\u00e9 dokumentace ve v\u0161ech stupn\u00edch proveden\u00ed. Projek\u010dn\u00ed \u010dinnost vych\u00e1z\u00ed z hlubok\u00e9 znalosti technologi\u00ed, platn\u00e9 legislativy a praktick\u00fdch zku\u0161enost\u00ed z realizovan\u00fdch instalac\u00ed. \u0158e\u0161en\u00ed jsou navrhov\u00e1na s ohledem na konkr\u00e9tn\u00ed podm\u00ednky objektu, provozn\u00ed rizika i po\u017eadavky investora.<\/p>\n<p data-start=\"859\" data-end=\"1216\">Projekce EPS je realizov\u00e1na pro \u0161irok\u00e9 spektrum objekt\u016f \u2013 od pr\u016fmyslov\u00fdch provoz\u016f a technologicky n\u00e1ro\u010dn\u00fdch aplikac\u00ed, p\u0159es komer\u010dn\u00ed a administrativn\u00ed budovy, a\u017e po ve\u0159ejn\u00e9 a specifick\u00e9 objekty. C\u00edlem je v\u017edy nal\u00e9zt optim\u00e1ln\u00ed \u0159e\u0161en\u00ed, kter\u00e9 je technicky spolehliv\u00e9, pln\u011b vyhovuje normov\u00fdm a provozn\u00edm po\u017eadavk\u016fm a z\u00e1rove\u0148 d\u00e1v\u00e1 dlouhodob\u00fd ekonomick\u00fd smysl.<\/p>\n<\/div><\/div><\/div><div class=\"fusion-layout-column fusion_builder_column fusion-builder-column-1 fusion_builder_column_1_3 1_3 fusion-flex-column fusion-flex-align-self-center\" style=\"--awb-bg-size:cover;--awb-width-large:33.3333333333%;--awb-margin-top-large:0px;--awb-spacing-right-large:5.76%;--awb-margin-bottom-large:20px;--awb-spacing-left-large:5.76%;--awb-width-medium:33.3333333333%;--awb-order-medium:0;--awb-spacing-right-medium:5.76%;--awb-spacing-left-medium:5.76%;--awb-width-small:100%;--awb-order-small:0;--awb-spacing-right-small:1.92%;--awb-spacing-left-small:1.92%;\"><div class=\"fusion-column-wrapper fusion-column-has-shadow fusion-flex-justify-content-flex-start fusion-content-layout-column\"><div class=\"fusion-image-element \" style=\"--awb-aspect-ratio:2 \/ 3;--awb-caption-title-font-family:var(--h2_typography-font-family);--awb-caption-title-font-weight:var(--h2_typography-font-weight);--awb-caption-title-font-style:var(--h2_typography-font-style);--awb-caption-title-size:var(--h2_typography-font-size);--awb-caption-title-transform:var(--h2_typography-text-transform);--awb-caption-title-line-height:var(--h2_typography-line-height);--awb-caption-title-letter-spacing:var(--h2_typography-letter-spacing);\"><span class=\" fusion-imageframe imageframe-none imageframe-1 hover-type-none has-aspect-ratio\"><img decoding=\"async\" width=\"826\" height=\"780\" title=\"Headerbild-Company-Export\" src=\"https:\/\/www.jakubpesek.cz\/securiton\/wp-content\/uploads\/2024\/12\/Headerbild-Company-Export.jpg\" data-orig-src=\"https:\/\/www.jakubpesek.cz\/securiton\/wp-content\/uploads\/2024\/12\/Headerbild-Company-Export.jpg\" class=\"lazyload img-responsive wp-image-3922 img-with-aspect-ratio\" alt srcset=\"data:image\/svg+xml,%3Csvg%20xmlns%3D%27http%3A%2F%2Fwww.w3.org%2F2000%2Fsvg%27%20width%3D%27826%27%20height%3D%27780%27%20viewBox%3D%270%200%20826%20780%27%3E%3Crect%20width%3D%27826%27%20height%3D%27780%27%20fill-opacity%3D%220%22%2F%3E%3C%2Fsvg%3E\" data-srcset=\"https:\/\/www.jakubpesek.cz\/securiton\/wp-content\/uploads\/2024\/12\/Headerbild-Company-Export-200x189.jpg 200w, https:\/\/www.jakubpesek.cz\/securiton\/wp-content\/uploads\/2024\/12\/Headerbild-Company-Export-400x378.jpg 400w, https:\/\/www.jakubpesek.cz\/securiton\/wp-content\/uploads\/2024\/12\/Headerbild-Company-Export-600x567.jpg 600w, https:\/\/www.jakubpesek.cz\/securiton\/wp-content\/uploads\/2024\/12\/Headerbild-Company-Export-800x755.jpg 800w, https:\/\/www.jakubpesek.cz\/securiton\/wp-content\/uploads\/2024\/12\/Headerbild-Company-Export.jpg 826w\" data-sizes=\"auto\" data-orig-sizes=\"(max-width: 850px) 100vw, 400px\" \/><\/span><\/div><\/div><\/div><\/div><\/div><div class=\"fusion-fullwidth fullwidth-box fusion-builder-row-2 fusion-flex-container has-pattern-background has-mask-background nonhundred-percent-fullwidth non-hundred-percent-height-scrolling\" style=\"--awb-border-radius-top-left:0px;--awb-border-radius-top-right:0px;--awb-border-radius-bottom-right:0px;--awb-border-radius-bottom-left:0px;--awb-padding-top:40px;--awb-padding-bottom:40px;--awb-margin-top:60px;--awb-margin-bottom:60px;--awb-background-color:#e5e9eb;--awb-flex-wrap:wrap;\" ><div class=\"fusion-builder-row fusion-row fusion-flex-align-items-flex-start fusion-flex-content-wrap\" style=\"max-width:1372.8px;margin-left: calc(-4% \/ 2 );margin-right: calc(-4% \/ 2 );\"><div class=\"fusion-layout-column fusion_builder_column fusion-builder-column-2 fusion_builder_column_1_1 1_1 fusion-flex-column\" style=\"--awb-bg-size:cover;--awb-width-large:100%;--awb-margin-top-large:0px;--awb-spacing-right-large:1.92%;--awb-margin-bottom-large:20px;--awb-spacing-left-large:1.92%;--awb-width-medium:100%;--awb-order-medium:0;--awb-spacing-right-medium:1.92%;--awb-spacing-left-medium:1.92%;--awb-width-small:100%;--awb-order-small:0;--awb-spacing-right-small:1.92%;--awb-spacing-left-small:1.92%;\"><div class=\"fusion-column-wrapper fusion-column-has-shadow fusion-flex-justify-content-flex-start fusion-content-layout-column\"><div class=\"fusion-title title fusion-title-2 fusion-sep-none fusion-title-text fusion-title-size-one\"><h1 class=\"fusion-title-heading title-heading-left\" style=\"margin:0;\">Realizace<\/h1><\/div><div class=\"fusion-text fusion-text-2\"><p>Lorem ipsum dolor sit amet, consectetur adipiscing elit. Maecenas ligula dui, blandit eget dolor a, vulputate congue magna. Pellentesque in lectus scelerisque, tempor ipsum gravida, fringilla dolor. Integer in iaculis lacus. Aliquam nec elit congue, pulvinar neque vitae, auctor risus. Nullam sed condimentum metus, eget condimentum massa. Curabitur a convallis dolor. In sem dui, gravida in nulla id, consequat egestas ipsum. Class aptent taciti sociosqu ad litora torquent per conubia nostra, per inceptos himenaeos. Curabitur rhoncus ultricies nunc non bibendum. Nam tincidunt quam vel maximus congue. In tempor est ac tortor sagittis ornare. Donec iaculis urna at neque bibendum lacinia. Nam id velit ex. Quisque consectetur risus ac mauris consectetur imperdiet.<\/p>\n<p>Suspendisse vestibulum blandit dui, ullamcorper commodo diam congue nec. Orci varius natoque penatibus et magnis dis parturient montes, nascetur ridiculus mus. Integer sit amet volutpat velit, sodales pellentesque nisl. Vivamus sed convallis urna. Suspendisse sodales nec neque a facilisis. Vivamus mollis aliquet vehicula. Aliquam erat volutpat. Suspendisse non elit ligula. Maecenas suscipit, purus in lobortis viverra, sem arcu gravida mi, lobortis auctor augue augue sit amet ex. Proin rhoncus eu purus nec feugiat. Nam aliquet eget lectus eget luctus. Aenean pretium aliquet arcu, dictum ullamcorper nisl euismod et. Etiam arcu turpis, auctor ut maximus non, scelerisque sed mi. Maecenas vel egestas enim. Fusce faucibus ipsum ut massa venenatis, eget imperdiet sem iaculis. Phasellus id augue nec est tristique imperdiet.<\/p>\n<\/div><\/div><\/div><\/div><\/div><div class=\"fusion-fullwidth fullwidth-box fusion-builder-row-3 fusion-flex-container has-pattern-background has-mask-background nonhundred-percent-fullwidth non-hundred-percent-height-scrolling\" style=\"--awb-border-radius-top-left:0px;--awb-border-radius-top-right:0px;--awb-border-radius-bottom-right:0px;--awb-border-radius-bottom-left:0px;--awb-margin-top:60px;--awb-flex-wrap:wrap;\" ><div class=\"fusion-builder-row fusion-row fusion-flex-align-items-flex-start fusion-flex-content-wrap\" style=\"max-width:1372.8px;margin-left: calc(-4% \/ 2 );margin-right: calc(-4% \/ 2 );\"><div class=\"fusion-layout-column fusion_builder_column fusion-builder-column-3 fusion_builder_column_1_1 1_1 fusion-flex-column\" style=\"--awb-bg-size:cover;--awb-width-large:100%;--awb-margin-top-large:0px;--awb-spacing-right-large:1.92%;--awb-margin-bottom-large:20px;--awb-spacing-left-large:1.92%;--awb-width-medium:100%;--awb-order-medium:0;--awb-spacing-right-medium:1.92%;--awb-spacing-left-medium:1.92%;--awb-width-small:100%;--awb-order-small:0;--awb-spacing-right-small:1.92%;--awb-spacing-left-small:1.92%;\"><div class=\"fusion-column-wrapper fusion-column-has-shadow fusion-flex-justify-content-flex-start fusion-content-layout-column\"><div class=\"fusion-title title fusion-title-3 fusion-sep-none fusion-title-text fusion-title-size-one\"><h1 class=\"fusion-title-heading title-heading-left\" style=\"margin:0;\">Podpora<\/h1><\/div><div class=\"fusion-text fusion-text-3\"><p>Lorem ipsum dolor sit amet, consectetur adipiscing elit. Maecenas ligula dui, blandit eget dolor a, vulputate congue magna. Pellentesque in lectus scelerisque, tempor ipsum gravida, fringilla dolor. Integer in iaculis lacus. Aliquam nec elit congue, pulvinar neque vitae, auctor risus. Nullam sed condimentum metus, eget condimentum massa. Curabitur a convallis dolor. In sem dui, gravida in nulla id, consequat egestas ipsum. Class aptent taciti sociosqu ad litora torquent per conubia nostra, per inceptos himenaeos. Curabitur rhoncus ultricies nunc non bibendum. Nam tincidunt quam vel maximus congue. In tempor est ac tortor sagittis ornare. Donec iaculis urna at neque bibendum lacinia. Nam id velit ex. Quisque consectetur risus ac mauris consectetur imperdiet.<\/p>\n<p>Suspendisse vestibulum blandit dui, ullamcorper commodo diam congue nec. Orci varius natoque penatibus et magnis dis parturient montes, nascetur ridiculus mus. Integer sit amet volutpat velit, sodales pellentesque nisl. Vivamus sed convallis urna. Suspendisse sodales nec neque a facilisis. Vivamus mollis aliquet vehicula. Aliquam erat volutpat. Suspendisse non elit ligula. Maecenas suscipit, purus in lobortis viverra, sem arcu gravida mi, lobortis auctor augue augue sit amet ex. Proin rhoncus eu purus nec feugiat. Nam aliquet eget lectus eget luctus. Aenean pretium aliquet arcu, dictum ullamcorper nisl euismod et. Etiam arcu turpis, auctor ut maximus non, scelerisque sed mi. Maecenas vel egestas enim. Fusce faucibus ipsum ut massa venenatis, eget imperdiet sem iaculis. Phasellus id augue nec est tristique imperdiet.<\/p>\n<\/div><\/div><\/div><\/div><\/div><div class=\"fusion-fullwidth fullwidth-box fusion-builder-row-4 fusion-flex-container has-pattern-background has-mask-background nonhundred-percent-fullwidth non-hundred-percent-height-scrolling\" style=\"--awb-border-radius-top-left:0px;--awb-border-radius-top-right:0px;--awb-border-radius-bottom-right:0px;--awb-border-radius-bottom-left:0px;--awb-padding-top:40px;--awb-padding-bottom:40px;--awb-margin-top:60px;--awb-margin-bottom:60px;--awb-background-color:#e5e9eb;--awb-flex-wrap:wrap;\" ><div class=\"fusion-builder-row fusion-row fusion-flex-align-items-flex-start fusion-flex-content-wrap\" style=\"max-width:1372.8px;margin-left: calc(-4% \/ 2 );margin-right: calc(-4% \/ 2 );\"><div class=\"fusion-layout-column fusion_builder_column fusion-builder-column-4 fusion_builder_column_1_1 1_1 fusion-flex-column\" style=\"--awb-bg-size:cover;--awb-width-large:100%;--awb-margin-top-large:0px;--awb-spacing-right-large:1.92%;--awb-margin-bottom-large:20px;--awb-spacing-left-large:1.92%;--awb-width-medium:100%;--awb-order-medium:0;--awb-spacing-right-medium:1.92%;--awb-spacing-left-medium:1.92%;--awb-width-small:100%;--awb-order-small:0;--awb-spacing-right-small:1.92%;--awb-spacing-left-small:1.92%;\"><div class=\"fusion-column-wrapper fusion-column-has-shadow fusion-flex-justify-content-flex-start fusion-content-layout-column\"><div class=\"fusion-title title fusion-title-4 fusion-sep-none fusion-title-text fusion-title-size-one\"><h1 class=\"fusion-title-heading title-heading-left\" style=\"margin:0;\">Slu\u017eby a pravideln\u00e9 kontroly<\/h1><\/div><div class=\"fusion-text fusion-text-4\"><p>Lorem ipsum dolor sit amet, consectetur adipiscing elit. Maecenas ligula dui, blandit eget dolor a, vulputate congue magna. Pellentesque in lectus scelerisque, tempor ipsum gravida, fringilla dolor. Integer in iaculis lacus. Aliquam nec elit congue, pulvinar neque vitae, auctor risus. Nullam sed condimentum metus, eget condimentum massa. Curabitur a convallis dolor. In sem dui, gravida in nulla id, consequat egestas ipsum. Class aptent taciti sociosqu ad litora torquent per conubia nostra, per inceptos himenaeos. Curabitur rhoncus ultricies nunc non bibendum. Nam tincidunt quam vel maximus congue. In tempor est ac tortor sagittis ornare. Donec iaculis urna at neque bibendum lacinia. Nam id velit ex. Quisque consectetur risus ac mauris consectetur imperdiet.<\/p>\n<p>Suspendisse vestibulum blandit dui, ullamcorper commodo diam congue nec. Orci varius natoque penatibus et magnis dis parturient montes, nascetur ridiculus mus. Integer sit amet volutpat velit, sodales pellentesque nisl. Vivamus sed convallis urna. Suspendisse sodales nec neque a facilisis. Vivamus mollis aliquet vehicula. Aliquam erat volutpat. Suspendisse non elit ligula. Maecenas suscipit, purus in lobortis viverra, sem arcu gravida mi, lobortis auctor augue augue sit amet ex. Proin rhoncus eu purus nec feugiat. Nam aliquet eget lectus eget luctus. Aenean pretium aliquet arcu, dictum ullamcorper nisl euismod et. Etiam arcu turpis, auctor ut maximus non, scelerisque sed mi. Maecenas vel egestas enim. Fusce faucibus ipsum ut massa venenatis, eget imperdiet sem iaculis. Phasellus id augue nec est tristique imperdiet.<\/p>\n<\/div><\/div><\/div><\/div><\/div><\/p>\n","protected":false},"excerpt":{"rendered":"","protected":false},"author":1,"featured_media":0,"parent":0,"menu_order":0,"comment_status":"closed","ping_status":"closed","template":"100-width.php","meta":{"inline_featured_image":false,"footnotes":""},"class_list":["post-3344","page","type-page","status-publish","hentry"],"_links":{"self":[{"href":"https:\/\/www.jakubpesek.cz\/securiton\/wp-json\/wp\/v2\/pages\/3344","targetHints":{"allow":["GET"]}}],"collection":[{"href":"https:\/\/www.jakubpesek.cz\/securiton\/wp-json\/wp\/v2\/pages"}],"about":[{"href":"https:\/\/www.jakubpesek.cz\/securiton\/wp-json\/wp\/v2\/types\/page"}],"author":[{"embeddable":true,"href":"https:\/\/www.jakubpesek.cz\/securiton\/wp-json\/wp\/v2\/users\/1"}],"replies":[{"embeddable":true,"href":"https:\/\/www.jakubpesek.cz\/securiton\/wp-json\/wp\/v2\/comments?post=3344"}],"version-history":[{"count":9,"href":"https:\/\/www.jakubpesek.cz\/securiton\/wp-json\/wp\/v2\/pages\/3344\/revisions"}],"predecessor-version":[{"id":4386,"href":"https:\/\/www.jakubpesek.cz\/securiton\/wp-json\/wp\/v2\/pages\/3344\/revisions\/4386"}],"wp:attachment":[{"href":"https:\/\/www.jakubpesek.cz\/securiton\/wp-json\/wp\/v2\/media?parent=3344"}],"curies":[{"name":"wp","href":"https:\/\/api.w.org\/{rel}","templated":true}]}}