{"id":3460,"date":"2024-06-27T20:41:35","date_gmt":"2024-06-27T18:41:35","guid":{"rendered":"https:\/\/www.jakubpesek.cz\/securiton\/?page_id=3460"},"modified":"2026-01-20T21:32:10","modified_gmt":"2026-01-20T20:32:10","slug":"spolecnost","status":"publish","type":"page","link":"https:\/\/www.jakubpesek.cz\/securiton\/spolecnost\/","title":{"rendered":"Spole\u010dnost"},"content":{"rendered":"<p><div class=\"fusion-fullwidth fullwidth-box fusion-builder-row-1 fusion-flex-container has-pattern-background has-mask-background nonhundred-percent-fullwidth non-hundred-percent-height-scrolling\" style=\"--awb-border-radius-top-left:0px;--awb-border-radius-top-right:0px;--awb-border-radius-bottom-right:0px;--awb-border-radius-bottom-left:0px;--awb-padding-top-small:49px;--awb-padding-bottom-small:20px;--awb-flex-wrap:wrap;\" ><div class=\"fusion-builder-row fusion-row fusion-flex-align-items-flex-start fusion-flex-content-wrap\" style=\"max-width:1372.8px;margin-left: calc(-4% \/ 2 );margin-right: calc(-4% \/ 2 );\"><div class=\"fusion-layout-column fusion_builder_column fusion-builder-column-0 fusion_builder_column_1_1 1_1 fusion-flex-column\" style=\"--awb-bg-size:cover;--awb-width-large:100%;--awb-margin-top-large:0px;--awb-spacing-right-large:1.92%;--awb-margin-bottom-large:0px;--awb-spacing-left-large:1.92%;--awb-width-medium:100%;--awb-order-medium:0;--awb-spacing-right-medium:1.92%;--awb-spacing-left-medium:1.92%;--awb-width-small:100%;--awb-order-small:0;--awb-spacing-right-small:1.92%;--awb-spacing-left-small:1.92%;\"><div class=\"fusion-column-wrapper fusion-column-has-shadow fusion-flex-justify-content-flex-start fusion-content-layout-column\"><div class=\"fusion-title title fusion-title-1 fusion-sep-none fusion-title-center fusion-title-text fusion-title-size-one\" style=\"--awb-text-color:#202020;--awb-margin-top:80px;--awb-margin-bottom:60px;\"><h1 class=\"fusion-title-heading title-heading-center\" style=\"margin:0;text-transform:none;\">Tribase Networks, s.r.o.<\/h1><\/div><\/div><\/div><\/div><\/div><div class=\"fusion-fullwidth fullwidth-box fusion-builder-row-2 fusion-flex-container has-pattern-background has-mask-background nonhundred-percent-fullwidth non-hundred-percent-height-scrolling\" style=\"--awb-border-radius-top-left:0px;--awb-border-radius-top-right:0px;--awb-border-radius-bottom-right:0px;--awb-border-radius-bottom-left:0px;--awb-padding-top:0px;--awb-flex-wrap:wrap;\" ><div class=\"fusion-builder-row fusion-row fusion-flex-align-items-flex-start fusion-flex-content-wrap\" style=\"max-width:1372.8px;margin-left: calc(-4% \/ 2 );margin-right: calc(-4% \/ 2 );\"><div class=\"fusion-layout-column fusion_builder_column fusion-builder-column-1 fusion_builder_column_1_2 1_2 fusion-flex-column\" style=\"--awb-bg-size:cover;--awb-width-large:50%;--awb-margin-top-large:0px;--awb-spacing-right-large:3.84%;--awb-margin-bottom-large:20px;--awb-spacing-left-large:3.84%;--awb-width-medium:50%;--awb-order-medium:0;--awb-spacing-right-medium:3.84%;--awb-spacing-left-medium:3.84%;--awb-width-small:100%;--awb-order-small:0;--awb-spacing-right-small:1.92%;--awb-spacing-left-small:1.92%;\"><div class=\"fusion-column-wrapper fusion-column-has-shadow fusion-flex-justify-content-flex-start fusion-content-layout-column\"><div class=\"fusion-image-element \" style=\"--awb-aspect-ratio:2 \/ 1;--awb-caption-title-font-family:var(--h2_typography-font-family);--awb-caption-title-font-weight:var(--h2_typography-font-weight);--awb-caption-title-font-style:var(--h2_typography-font-style);--awb-caption-title-size:var(--h2_typography-font-size);--awb-caption-title-transform:var(--h2_typography-text-transform);--awb-caption-title-line-height:var(--h2_typography-line-height);--awb-caption-title-letter-spacing:var(--h2_typography-letter-spacing);\"><span class=\" fusion-imageframe imageframe-none imageframe-1 hover-type-none has-aspect-ratio\"><img decoding=\"async\" width=\"1536\" height=\"1024\" title=\"spolecnost\" src=\"https:\/\/www.jakubpesek.cz\/securiton\/wp-content\/uploads\/2026\/01\/spolecnost.jpg\" data-orig-src=\"https:\/\/www.jakubpesek.cz\/securiton\/wp-content\/uploads\/2026\/01\/spolecnost.jpg\" class=\"lazyload img-responsive wp-image-4266 img-with-aspect-ratio\" alt srcset=\"data:image\/svg+xml,%3Csvg%20xmlns%3D%27http%3A%2F%2Fwww.w3.org%2F2000%2Fsvg%27%20width%3D%271536%27%20height%3D%271024%27%20viewBox%3D%270%200%201536%201024%27%3E%3Crect%20width%3D%271536%27%20height%3D%271024%27%20fill-opacity%3D%220%22%2F%3E%3C%2Fsvg%3E\" data-srcset=\"https:\/\/www.jakubpesek.cz\/securiton\/wp-content\/uploads\/2026\/01\/spolecnost-200x133.jpg 200w, https:\/\/www.jakubpesek.cz\/securiton\/wp-content\/uploads\/2026\/01\/spolecnost-400x267.jpg 400w, https:\/\/www.jakubpesek.cz\/securiton\/wp-content\/uploads\/2026\/01\/spolecnost-600x400.jpg 600w, https:\/\/www.jakubpesek.cz\/securiton\/wp-content\/uploads\/2026\/01\/spolecnost-800x533.jpg 800w, https:\/\/www.jakubpesek.cz\/securiton\/wp-content\/uploads\/2026\/01\/spolecnost-1200x800.jpg 1200w, https:\/\/www.jakubpesek.cz\/securiton\/wp-content\/uploads\/2026\/01\/spolecnost.jpg 1536w\" data-sizes=\"auto\" data-orig-sizes=\"(max-width: 850px) 100vw, 800px\" \/><\/span><\/div><\/div><\/div><div class=\"fusion-layout-column fusion_builder_column fusion-builder-column-2 fusion_builder_column_1_2 1_2 fusion-flex-column fusion-flex-align-self-center\" style=\"--awb-bg-size:cover;--awb-width-large:50%;--awb-margin-top-large:0px;--awb-spacing-right-large:3.84%;--awb-margin-bottom-large:20px;--awb-spacing-left-large:1.536%;--awb-width-medium:50%;--awb-order-medium:0;--awb-spacing-right-medium:3.84%;--awb-spacing-left-medium:1.536%;--awb-width-small:100%;--awb-order-small:0;--awb-spacing-right-small:1.92%;--awb-spacing-left-small:1.92%;\"><div class=\"fusion-column-wrapper fusion-column-has-shadow fusion-flex-justify-content-flex-start fusion-content-layout-column\"><div class=\"fusion-text fusion-text-1\" style=\"--awb-text-font-family:&quot;Roboto&quot;;--awb-text-font-style:normal;--awb-text-font-weight:300;\"><p>Spole\u010dnost Tribase Networks, s.r.o. byla zalo\u017eena v roce 1993 a ji\u017e v\u00edce ne\u017e 30 let se \u00fasp\u011b\u0161n\u011b pohybuje na trhu. D\u00edky dlouholet\u00fdm zku\u0161enostem jsme se stali p\u0159edn\u00edm dodavatelem bezpe\u010dnostn\u00edch syst\u00e9m\u016f, p\u0159\u00edstupov\u00fdch technologi\u00ed, syst\u00e9m\u016f po\u017e\u00e1rn\u00ed detekce a datov\u00fdch s\u00edt\u00ed. Na\u0161e \u0159e\u0161en\u00ed jsou v\u017edy zam\u011b\u0159ena na spolehlivost a kvalitu, abychom na\u0161im z\u00e1kazn\u00edk\u016fm poskytli maxim\u00e1ln\u00ed jistotu a bezpe\u010dnost.<\/p>\n<p>Tribase Networks je partner, kter\u00fd rozum\u00ed bezpe\u010dnosti a datov\u00e9 infrastruktu\u0159e na t\u00e9 nejvy\u0161\u0161\u00ed \u00farovni. Na\u0161\u00edm c\u00edlem je poskytovat stabiln\u00ed, inovativn\u00ed a dlouhodob\u011b funk\u010dn\u00ed \u0159e\u0161en\u00ed, kter\u00e1 odpov\u00eddaj\u00ed nejnov\u011bj\u0161\u00edm trend\u016fm a standard\u016fm v oboru.<\/p>\n<\/div><\/div><\/div><div class=\"fusion-layout-column fusion_builder_column fusion-builder-column-3 fusion_builder_column_1_1 1_1 fusion-flex-column fusion-flex-align-self-center\" style=\"--awb-bg-size:cover;--awb-width-large:100%;--awb-margin-top-large:30px;--awb-spacing-right-large:1.92%;--awb-margin-bottom-large:20px;--awb-spacing-left-large:1.92%;--awb-width-medium:100%;--awb-order-medium:0;--awb-spacing-right-medium:1.92%;--awb-spacing-left-medium:1.92%;--awb-width-small:100%;--awb-order-small:0;--awb-spacing-right-small:1.92%;--awb-spacing-left-small:1.92%;\"><div class=\"fusion-column-wrapper fusion-column-has-shadow fusion-flex-justify-content-flex-start fusion-content-layout-column\"><div class=\"fusion-text fusion-text-2\" style=\"--awb-text-font-family:&quot;Roboto&quot;;--awb-text-font-style:normal;--awb-text-font-weight:300;\"><p>Nab\u00edz\u00edme komplexn\u00ed slu\u017eby zahrnuj\u00edc\u00ed n\u00e1vrh, projekci a realizaci syst\u00e9m\u016f, co\u017e n\u00e1m umo\u017e\u0148uje flexibiln\u011b reagovat na specifick\u00e9 pot\u0159eby ka\u017ed\u00e9ho projektu. Specializujeme se na:<\/p>\n<ul>\n<li><b>Zabezpe\u010dovac\u00ed a p\u0159\u00edstupov\u00e9 syst\u00e9my<\/b> \u2013 jsme v\u00fdhradn\u00ed dodavatel syst\u00e9mu ICT, kter\u00fd zaru\u010duje nejmodern\u011bj\u0161\u00ed a spolehliv\u00e9 \u0159e\u0161en\u00ed pro spr\u00e1vu p\u0159\u00edstup\u016f a bezpe\u010dnostn\u00ed kontrolu.<\/li>\n<li><b>Syst\u00e9my po\u017e\u00e1rn\u00ed detekce<\/b> \u2013 jako v\u00fdhradn\u00ed dodavatel syst\u00e9mu Securiton nab\u00edz\u00edme \u0161pi\u010dkov\u00e9 technologie pro v\u010dasnou a efektivn\u00ed detekci po\u017e\u00e1r\u016f, chr\u00e1n\u00edc\u00ed majetek a lidsk\u00e9 \u017eivoty.<\/li>\n<li><b>CCTV syst\u00e9my <\/b>\u2013 navrhujeme a implementujeme komplexn\u00ed video dohledov\u00e9 syst\u00e9my. CCTV \u0159e\u0161en\u00ed zahrnuj\u00ed modern\u00ed kamery s vysok\u00fdm rozli\u0161en\u00edm a pokro\u010dil\u00e9 funkce pro anal\u00fdzu obrazu, \u010d\u00edm\u017e zaji\u0161\u0165uj\u00ed bezpe\u010dnost va\u0161ich prostor.<\/li>\n<li><b>Datov\u00e9 s\u00edt\u011b<\/b> \u2013 zaji\u0161\u0165ujeme vysoce kvalitn\u00ed a bezpe\u010dn\u00e9 datov\u00e9 propojen\u00ed, kter\u00e9 tvo\u0159\u00ed p\u00e1te\u0159 modern\u00ed komunikace a provozu firem.<\/li>\n<\/ul>\n<\/div><\/div><\/div><\/div><\/div><\/p>\n","protected":false},"excerpt":{"rendered":"","protected":false},"author":1,"featured_media":0,"parent":0,"menu_order":0,"comment_status":"closed","ping_status":"closed","template":"100-width.php","meta":{"inline_featured_image":false,"footnotes":""},"class_list":["post-3460","page","type-page","status-publish","hentry"],"_links":{"self":[{"href":"https:\/\/www.jakubpesek.cz\/securiton\/wp-json\/wp\/v2\/pages\/3460","targetHints":{"allow":["GET"]}}],"collection":[{"href":"https:\/\/www.jakubpesek.cz\/securiton\/wp-json\/wp\/v2\/pages"}],"about":[{"href":"https:\/\/www.jakubpesek.cz\/securiton\/wp-json\/wp\/v2\/types\/page"}],"author":[{"embeddable":true,"href":"https:\/\/www.jakubpesek.cz\/securiton\/wp-json\/wp\/v2\/users\/1"}],"replies":[{"embeddable":true,"href":"https:\/\/www.jakubpesek.cz\/securiton\/wp-json\/wp\/v2\/comments?post=3460"}],"version-history":[{"count":15,"href":"https:\/\/www.jakubpesek.cz\/securiton\/wp-json\/wp\/v2\/pages\/3460\/revisions"}],"predecessor-version":[{"id":4314,"href":"https:\/\/www.jakubpesek.cz\/securiton\/wp-json\/wp\/v2\/pages\/3460\/revisions\/4314"}],"wp:attachment":[{"href":"https:\/\/www.jakubpesek.cz\/securiton\/wp-json\/wp\/v2\/media?parent=3460"}],"curies":[{"name":"wp","href":"https:\/\/api.w.org\/{rel}","templated":true}]}}